{"id":352,"date":"2017-11-25T16:08:11","date_gmt":"2017-11-25T14:08:11","guid":{"rendered":"https:\/\/www.ubytovaniprozamilovane.cz\/hlavni-stranka\/"},"modified":"2026-01-28T12:51:50","modified_gmt":"2026-01-28T10:51:50","slug":"hlavni-stranka","status":"publish","type":"page","link":"https:\/\/www.ubytovaniprozamilovane.cz\/pl\/","title":{"rendered":"Strona g\u0142\u00f3wna"},"content":{"rendered":"\n<h1>\n\t\tGodzinne zakwaterowanie dla zakochanych\n\t<\/h1>\n<h1>\n\t\tdyskrecja i \u015bwietne ceny<br \/>za romantyczne pokoje<br \/><strong>Nowe po rekonstrukcji<\/strong>\n\t<\/h1>\n\t\t\t<a href=\"#kontakt\" target=\"_self\"   role=\"button\" aria-label=\"Rezerwacja pokoju\">\n\t\t\t\t\t\t\tRezerwacja pokoju\n\t\t<\/a>\n\t\t\t<h2>Witamy u nas!<\/h2><h2>Oferujemy romantyczne pokoje w odrestaurowanej willi. Elegancko i komfortowo urz\u0105dzone wn\u0119trza mo\u017cna rezerwowa\u0107 na okres od 1 do 4 godzin. Go\u015bciom zapewniamy luksusowe, spokojne, dyskretne i zawsze czyste otoczenie.<\/h2>\t\t\t\n\t\t\t\t<p>Dzi\u0119ki wieloletniemu do\u015bwiadczeniu oraz wysokiej jako\u015bci wyposa\u017ceniu w zakresie nocleg\u00f3w godzinowych jeste\u015bmy w stanie spe\u0142ni\u0107 oczekiwania nawet najbardziej wymagaj\u0105cych klient\u00f3w i zaoferowa\u0107 idealne warunki na Pa\u0144stwa intymne chwile.<\/p>\n<p>Dyskrecja jest dla nas absolutnym standardem. Pocz\u0105wszy od miejsca parkingowego, kt\u00f3re jest ca\u0142kowicie niewidoczne z g\u0142\u00f3wnej drogi dzi\u0119ki g\u0119stemu, naturalnemu ogrodzeniu, a\u017c po og\u00f3lne funkcjonowanie naszego obiektu. Gwarantujemy poziom dyskrecji, kt\u00f3ry trudno znale\u017a\u0107 w szerokiej okolicy.<\/p>\n<p>Rezerwacje pokoi w dni powszednie preferujemy dokonywa\u0107 co najmniej 1 godzin\u0119 wcze\u015bniej. Je\u015bli mamy tak\u0105 mo\u017cliwo\u015b\u0107, mo\u017cemy udost\u0119pni\u0107 pok\u00f3j od r\u0119ki. Rezerwacje na sobot\u0119 lub niedziel\u0119 preferujemy sk\u0142ada\u0107 z co najmniej 24-godzinnym wyprzedzeniem \/ wed\u0142ug ustale\u0144.<\/p>\n<p><strong>Wyposa\u017cenie:<\/strong><br \/>bar, Wi-Fi, radio w ka\u017cdym pokoju, dyskretny parking<\/p>\n\t\t\t<h2>Nasze Us\u0142ugi<\/h2><h3>I bezpiecze\u0144stwo wsp\u00f3lnych, intymnych chwil<\/h3>\t\t\t\n\t\t\t\t<p>Oferujemy romantyczne pokoje w odrestaurowanej willi. Przyjemnie urz\u0105dzone pokoje mo\u017cna zarezerwowa\u0107 na godzin\u0119, ale tak\u017ce na d\u0142u\u017cszy okres czasu. Znajdziesz tu luksusowe, ciche i czyste \u015brodowisko.<\/p>\n\t\t<h4>POKOJE ROMANTYCZNE<\/h4>\t\t\t\n\t\t<h4>DYSKRECJA<\/h4>\t\t\t\n\t\t<h4>\u015aWIETNE CENY<\/h4>\t\t\t\n\t\t\t<h2>Oferta Pokoi<\/h2>\t\t\t\n\t\t\t\t<img decoding=\"async\" src=\"https:\/\/www.ubytovaniprozamilovane.cz\/wp-content\/uploads\/bb-plugin\/cache\/IMG_1618-1-square.jpg\" alt=\"IMG_1618\" title=\"IMG_1618\" itemprop=\"image\"\/>\n\t\t<h4>POK\u00d3J Z PRYSZNICEM (niebieski)<\/h4>\t\t\t\n\t\t\t\t<p>1 godz. = 500 CZK<br data-start=\"179\" data-end=\"182\" \/>2 godz. = 600 CZK<br data-start=\"199\" data-end=\"202\" \/>3 godz. = 700 CZK<br data-start=\"219\" data-end=\"222\" \/>4 godz. = 900 CZK<\/p>\n\t\t\t<a href=\"#kontakt\" target=\"_self\"   role=\"button\" aria-label=\"Zarezerwowa\u0107\">\n\t\t\t\t\t\t\tZarezerwowa\u0107\n\t\t<\/a>\n\t\t\t\t<img decoding=\"async\" src=\"https:\/\/www.ubytovaniprozamilovane.cz\/wp-content\/uploads\/bb-plugin\/cache\/IMG_1605-1-square.jpg\" alt=\"IMG_1605\" title=\"IMG_1605\" itemprop=\"image\"\/>\n\t\t<h4>POK\u00d3J WELLNESS<br \/>(jacuzzi, sauna)<\/h4>\t\t\t\n\t\t\t\t<p>2 godz. = 900 CZK<br data-start=\"161\" data-end=\"164\" \/>3 godz. = 1100 CZK<br data-start=\"182\" data-end=\"185\" \/>4 godz. = 1400 CZK<\/p>\n\t\t\t<a href=\"#kontakt\" target=\"_self\"   role=\"button\" aria-label=\"zarezerwowa\u0107\">\n\t\t\t\t\t\t\tzarezerwowa\u0107\n\t\t<\/a>\n\t\t\t\t<img decoding=\"async\" src=\"https:\/\/www.ubytovaniprozamilovane.cz\/wp-content\/uploads\/bb-plugin\/cache\/IMG_1581-1-square.jpg\" alt=\"IMG_1581\" title=\"IMG_1581\" itemprop=\"image\"\/>\n\t\t<h4>POK\u00d3J Z WANN\u0104<br \/>(czerwony)<\/h4>\t\t\t\n\t\t\t\t<p>1 godz. = 600 CZK<br data-start=\"250\" data-end=\"253\" \/>2 godz. = 700 CZK<br data-start=\"270\" data-end=\"273\" \/>3 godz. = 800 CZK<br data-start=\"290\" data-end=\"293\" \/>4 godz. = 1000 CZK<\/p>\n\t\t\t<a href=\"#kontakt\" target=\"_self\"   role=\"button\" aria-label=\"zarezerwowa\u0107\">\n\t\t\t\t\t\t\tzarezerwowa\u0107\n\t\t<\/a>\n\t\t\t\t<img decoding=\"async\" src=\"https:\/\/www.ubytovaniprozamilovane.cz\/wp-content\/uploads\/bb-plugin\/cache\/IMG_1575-1-square.jpg\" alt=\"IMG_1575\" title=\"IMG_1575\" itemprop=\"image\"\/>\n\t\t<h4>POK\u00d3J Z PRYSZNICEM<br \/>(zielony)<\/h4>\t\t\t\n\t\t\t\t<p>1 godz. = 500 CZK<br data-start=\"358\" data-end=\"361\" \/>2 godz. = 600 CZK<br data-start=\"378\" data-end=\"381\" \/>3 godz. = 700 CZK<br data-start=\"398\" data-end=\"401\" \/>4 godz. = 900 CZK<\/p>\n\t\t\t<a href=\"#kontakt\" target=\"_self\"   role=\"button\" aria-label=\"zarezerwowa\u0107\">\n\t\t\t\t\t\t\tzarezerwowa\u0107\n\t\t<\/a>\n\t\t\t<h2>NASZE WN\u0118TRZE<\/h2>\t\t\t\n\t\t\t<a href=\"https:\/\/www.ubytovaniprozamilovane.cz\/pl\/galeria-fotografii\/\" target=\"_self\"   role=\"button\" aria-label=\"Zobacz galeri\u0119 zdj\u0119\u0107\">\n\t\t\t\t\t\t\tZobacz galeri\u0119 zdj\u0119\u0107\n\t\t<\/a>\n\t\t\t<h1>GODZINY OTWARCIA<\/h1><h3>ZA OFEROWANIE POKOI NA GODZINY<\/h3>\t\t\t\n\t\t\t\t<p>Pon-Nie:<\/p>\n<p><strong>10:00 &#8211; 20:00<\/strong><\/p>\n\t\t\t<a href=\"#kontakt\" target=\"_self\"   role=\"button\" aria-label=\"Rezerwacja pokoju\">\n\t\t\t\t\t\t\tRezerwacja pokoju\n\t\t<\/a>\n\t\t\t<h2>Rezerwacja pokoju<\/h2>\t\t\t\n\t\t\t\t<p>Rezerwacji mo\u017cna dokona\u0107 telefonicznie, istnieje r\u00f3wnie\u017c mo\u017cliwo\u015b\u0107 rezerwacji poprzez SMS.<\/p>\n\t<strong>Adres:<br \/>\n<\/strong>Czechy<br \/>\nOstravsk\u00e1 1035<br \/>\nPet\u0159vald u Karvin\u00e9<br \/>\n735 41\n\t<iframe src=\"https:\/\/www.google.com\/maps\/embed\/v1\/place?q=pet%C5%99vald+ostravsk%C3%A1+1035&#038;key=AIzaSyD09zQ9PNDNNy9TadMuzRV_UsPUoWKntt8\" aria-hidden=\"true\"><\/iframe>\n\t<ul>\n\t\t\t<li>\n\t\t\t\n\t\t\t\t<a href=\"https:\/\/www.janhanzl.cz\" target=\"_blank\" rel=\"noopener\" data-hover=\"Webdeveloped on WordPress\">Webdeveloped on WordPress<\/a>\n\t\t\t\n\t\t<\/li>\n\t\t\t\t<\/ul>\n\n","protected":false},"excerpt":{"rendered":"<p>Godzinne zakwaterowanie dla zakochanych dyskrecja i \u015bwietne cenyza romantyczne pokojeNowe po rekonstrukcji Rezerwacja pokoju Witamy u nas! Oferujemy romantyczne pokoje w odrestaurowanej willi. Elegancko i komfortowo urz\u0105dzone wn\u0119trza mo\u017cna rezerwowa\u0107 na okres od 1 do 4 godzin. Go\u015bciom zapewniamy luksusowe, spokojne, dyskretne i zawsze czyste otoczenie. Dzi\u0119ki wieloletniemu do\u015bwiadczeniu oraz wysokiej jako\u015bci wyposa\u017ceniu w zakresie&hellip;<\/p>\n","protected":false},"author":3,"featured_media":608,"parent":0,"menu_order":0,"comment_status":"closed","ping_status":"closed","template":"","meta":{"footnotes":""},"class_list":["post-352","page","type-page","status-publish","has-post-thumbnail","hentry"],"yoast_head":"<!-- This site is optimized with the Yoast SEO plugin v26.8 - https:\/\/yoast.com\/product\/yoast-seo-wordpress\/ -->\n<title>Nikol | Godzinne zakwaterowanie dla zakochanych<\/title>\n<meta name=\"description\" content=\"Oferujemy godzinne zakwaterowanie dla zakochanych ju\u017c od 1 godziny w atrakcyjnych cenach i starannie uwzgl\u0119dniamy dyskrecj\u0119 naszych klient\u00f3w.\" \/>\n<meta name=\"robots\" content=\"index, follow, max-snippet:-1, max-image-preview:large, max-video-preview:-1\" \/>\n<link rel=\"canonical\" href=\"https:\/\/www.ubytovaniprozamilovane.cz\/pl\/\" \/>\n<meta property=\"og:locale\" content=\"pl_PL\" \/>\n<meta property=\"og:type\" content=\"article\" \/>\n<meta property=\"og:title\" content=\"Nikol | Godzinne zakwaterowanie dla zakochanych\" \/>\n<meta property=\"og:description\" content=\"Oferujemy godzinne zakwaterowanie dla zakochanych ju\u017c od 1 godziny w atrakcyjnych cenach i starannie uwzgl\u0119dniamy dyskrecj\u0119 naszych klient\u00f3w.\" \/>\n<meta property=\"og:url\" content=\"https:\/\/www.ubytovaniprozamilovane.cz\/pl\/\" \/>\n<meta property=\"og:site_name\" content=\"Ubytov\u00e1n\u00ed pro zamilovan\u00e9\" \/>\n<meta property=\"article:modified_time\" content=\"2026-01-28T10:51:50+00:00\" \/>\n<meta property=\"og:image\" content=\"http:\/\/www.ubytovaniprozamilovane.cz\/wp-content\/uploads\/2026\/01\/pas2-kopie.webp\" \/>\n\t<meta property=\"og:image:width\" content=\"1536\" \/>\n\t<meta property=\"og:image:height\" content=\"1024\" \/>\n\t<meta property=\"og:image:type\" content=\"image\/webp\" \/>\n<meta name=\"twitter:card\" content=\"summary_large_image\" \/>\n<meta name=\"twitter:label1\" content=\"Szacowany czas czytania\" \/>\n\t<meta name=\"twitter:data1\" content=\"3 minuty\" \/>\n<script type=\"application\/ld+json\" class=\"yoast-schema-graph\">{\"@context\":\"https:\/\/schema.org\",\"@graph\":[{\"@type\":\"WebPage\",\"@id\":\"https:\/\/www.ubytovaniprozamilovane.cz\/pl\/\",\"url\":\"https:\/\/www.ubytovaniprozamilovane.cz\/pl\/\",\"name\":\"Nikol | Godzinne zakwaterowanie dla zakochanych\",\"isPartOf\":{\"@id\":\"https:\/\/www.ubytovaniprozamilovane.cz\/pl\/#website\"},\"primaryImageOfPage\":{\"@id\":\"https:\/\/www.ubytovaniprozamilovane.cz\/pl\/#primaryimage\"},\"image\":{\"@id\":\"https:\/\/www.ubytovaniprozamilovane.cz\/pl\/#primaryimage\"},\"thumbnailUrl\":\"https:\/\/www.ubytovaniprozamilovane.cz\/wp-content\/uploads\/2026\/01\/pas2-kopie.webp\",\"datePublished\":\"2017-11-25T14:08:11+00:00\",\"dateModified\":\"2026-01-28T10:51:50+00:00\",\"description\":\"Oferujemy godzinne zakwaterowanie dla zakochanych ju\u017c od 1 godziny w atrakcyjnych cenach i starannie uwzgl\u0119dniamy dyskrecj\u0119 naszych klient\u00f3w.\",\"breadcrumb\":{\"@id\":\"https:\/\/www.ubytovaniprozamilovane.cz\/pl\/#breadcrumb\"},\"inLanguage\":\"pl-PL\",\"potentialAction\":[{\"@type\":\"ReadAction\",\"target\":[\"https:\/\/www.ubytovaniprozamilovane.cz\/pl\/\"]}]},{\"@type\":\"ImageObject\",\"inLanguage\":\"pl-PL\",\"@id\":\"https:\/\/www.ubytovaniprozamilovane.cz\/pl\/#primaryimage\",\"url\":\"https:\/\/www.ubytovaniprozamilovane.cz\/wp-content\/uploads\/2026\/01\/pas2-kopie.webp\",\"contentUrl\":\"https:\/\/www.ubytovaniprozamilovane.cz\/wp-content\/uploads\/2026\/01\/pas2-kopie.webp\",\"width\":1536,\"height\":1024},{\"@type\":\"BreadcrumbList\",\"@id\":\"https:\/\/www.ubytovaniprozamilovane.cz\/pl\/#breadcrumb\",\"itemListElement\":[{\"@type\":\"ListItem\",\"position\":1,\"name\":\"Dom\u016f\",\"item\":\"http:\/\/www.ubytovaniprozamilovane.cz\/pl\/\"},{\"@type\":\"ListItem\",\"position\":2,\"name\":\"Strona g\u0142\u00f3wna\"}]},{\"@type\":\"WebSite\",\"@id\":\"https:\/\/www.ubytovaniprozamilovane.cz\/pl\/#website\",\"url\":\"https:\/\/www.ubytovaniprozamilovane.cz\/pl\/\",\"name\":\"Ubytov\u00e1n\u00ed pro zamilovan\u00e9\",\"description\":\"\",\"potentialAction\":[{\"@type\":\"SearchAction\",\"target\":{\"@type\":\"EntryPoint\",\"urlTemplate\":\"https:\/\/www.ubytovaniprozamilovane.cz\/pl\/?s={search_term_string}\"},\"query-input\":{\"@type\":\"PropertyValueSpecification\",\"valueRequired\":true,\"valueName\":\"search_term_string\"}}],\"inLanguage\":\"pl-PL\"}]}<\/script>\n<!-- \/ Yoast SEO plugin. -->","yoast_head_json":{"title":"Nikol | Godzinne zakwaterowanie dla zakochanych","description":"Oferujemy godzinne zakwaterowanie dla zakochanych ju\u017c od 1 godziny w atrakcyjnych cenach i starannie uwzgl\u0119dniamy dyskrecj\u0119 naszych klient\u00f3w.","robots":{"index":"index","follow":"follow","max-snippet":"max-snippet:-1","max-image-preview":"max-image-preview:large","max-video-preview":"max-video-preview:-1"},"canonical":"https:\/\/www.ubytovaniprozamilovane.cz\/pl\/","og_locale":"pl_PL","og_type":"article","og_title":"Nikol | Godzinne zakwaterowanie dla zakochanych","og_description":"Oferujemy godzinne zakwaterowanie dla zakochanych ju\u017c od 1 godziny w atrakcyjnych cenach i starannie uwzgl\u0119dniamy dyskrecj\u0119 naszych klient\u00f3w.","og_url":"https:\/\/www.ubytovaniprozamilovane.cz\/pl\/","og_site_name":"Ubytov\u00e1n\u00ed pro zamilovan\u00e9","article_modified_time":"2026-01-28T10:51:50+00:00","og_image":[{"width":1536,"height":1024,"url":"http:\/\/www.ubytovaniprozamilovane.cz\/wp-content\/uploads\/2026\/01\/pas2-kopie.webp","type":"image\/webp"}],"twitter_card":"summary_large_image","twitter_misc":{"Szacowany czas czytania":"3 minuty"},"schema":{"@context":"https:\/\/schema.org","@graph":[{"@type":"WebPage","@id":"https:\/\/www.ubytovaniprozamilovane.cz\/pl\/","url":"https:\/\/www.ubytovaniprozamilovane.cz\/pl\/","name":"Nikol | Godzinne zakwaterowanie dla zakochanych","isPartOf":{"@id":"https:\/\/www.ubytovaniprozamilovane.cz\/pl\/#website"},"primaryImageOfPage":{"@id":"https:\/\/www.ubytovaniprozamilovane.cz\/pl\/#primaryimage"},"image":{"@id":"https:\/\/www.ubytovaniprozamilovane.cz\/pl\/#primaryimage"},"thumbnailUrl":"https:\/\/www.ubytovaniprozamilovane.cz\/wp-content\/uploads\/2026\/01\/pas2-kopie.webp","datePublished":"2017-11-25T14:08:11+00:00","dateModified":"2026-01-28T10:51:50+00:00","description":"Oferujemy godzinne zakwaterowanie dla zakochanych ju\u017c od 1 godziny w atrakcyjnych cenach i starannie uwzgl\u0119dniamy dyskrecj\u0119 naszych klient\u00f3w.","breadcrumb":{"@id":"https:\/\/www.ubytovaniprozamilovane.cz\/pl\/#breadcrumb"},"inLanguage":"pl-PL","potentialAction":[{"@type":"ReadAction","target":["https:\/\/www.ubytovaniprozamilovane.cz\/pl\/"]}]},{"@type":"ImageObject","inLanguage":"pl-PL","@id":"https:\/\/www.ubytovaniprozamilovane.cz\/pl\/#primaryimage","url":"https:\/\/www.ubytovaniprozamilovane.cz\/wp-content\/uploads\/2026\/01\/pas2-kopie.webp","contentUrl":"https:\/\/www.ubytovaniprozamilovane.cz\/wp-content\/uploads\/2026\/01\/pas2-kopie.webp","width":1536,"height":1024},{"@type":"BreadcrumbList","@id":"https:\/\/www.ubytovaniprozamilovane.cz\/pl\/#breadcrumb","itemListElement":[{"@type":"ListItem","position":1,"name":"Dom\u016f","item":"http:\/\/www.ubytovaniprozamilovane.cz\/pl\/"},{"@type":"ListItem","position":2,"name":"Strona g\u0142\u00f3wna"}]},{"@type":"WebSite","@id":"https:\/\/www.ubytovaniprozamilovane.cz\/pl\/#website","url":"https:\/\/www.ubytovaniprozamilovane.cz\/pl\/","name":"Ubytov\u00e1n\u00ed pro zamilovan\u00e9","description":"","potentialAction":[{"@type":"SearchAction","target":{"@type":"EntryPoint","urlTemplate":"https:\/\/www.ubytovaniprozamilovane.cz\/pl\/?s={search_term_string}"},"query-input":{"@type":"PropertyValueSpecification","valueRequired":true,"valueName":"search_term_string"}}],"inLanguage":"pl-PL"}]}},"_links":{"self":[{"href":"https:\/\/www.ubytovaniprozamilovane.cz\/pl\/wp-json\/wp\/v2\/pages\/352","targetHints":{"allow":["GET"]}}],"collection":[{"href":"https:\/\/www.ubytovaniprozamilovane.cz\/pl\/wp-json\/wp\/v2\/pages"}],"about":[{"href":"https:\/\/www.ubytovaniprozamilovane.cz\/pl\/wp-json\/wp\/v2\/types\/page"}],"author":[{"embeddable":true,"href":"https:\/\/www.ubytovaniprozamilovane.cz\/pl\/wp-json\/wp\/v2\/users\/3"}],"replies":[{"embeddable":true,"href":"https:\/\/www.ubytovaniprozamilovane.cz\/pl\/wp-json\/wp\/v2\/comments?post=352"}],"version-history":[{"count":15,"href":"https:\/\/www.ubytovaniprozamilovane.cz\/pl\/wp-json\/wp\/v2\/pages\/352\/revisions"}],"predecessor-version":[{"id":612,"href":"https:\/\/www.ubytovaniprozamilovane.cz\/pl\/wp-json\/wp\/v2\/pages\/352\/revisions\/612"}],"wp:featuredmedia":[{"embeddable":true,"href":"https:\/\/www.ubytovaniprozamilovane.cz\/pl\/wp-json\/wp\/v2\/media\/608"}],"wp:attachment":[{"href":"https:\/\/www.ubytovaniprozamilovane.cz\/pl\/wp-json\/wp\/v2\/media?parent=352"}],"curies":[{"name":"wp","href":"https:\/\/api.w.org\/{rel}","templated":true}]}}